{"id":935,"date":"2021-01-25T21:31:59","date_gmt":"2021-01-25T20:31:59","guid":{"rendered":"https:\/\/kroslak.sk\/?page_id=935"},"modified":"2023-04-05T07:57:30","modified_gmt":"2023-04-05T05:57:30","slug":"grant-eu","status":"publish","type":"page","link":"https:\/\/kroslak.sk\/de\/grant-eu\/","title":{"rendered":"Grant E\u00da"},"content":{"rendered":"[vc_row type=&#8220;in_container&#8220; full_screen_row_position=&#8220;middle&#8220; column_margin=&#8220;default&#8220; column_direction=&#8220;default&#8220; column_direction_tablet=&#8220;default&#8220; column_direction_phone=&#8220;default&#8220; scene_position=&#8220;center&#8220; text_color=&#8220;dark&#8220; text_align=&#8220;left&#8220; row_border_radius=&#8220;none&#8220; row_border_radius_applies=&#8220;bg&#8220; overlay_strength=&#8220;0.3&#8243; gradient_direction=&#8220;left_to_right&#8220; shape_divider_position=&#8220;bottom&#8220; bg_image_animation=&#8220;none&#8220;][vc_column column_padding=&#8220;no-extra-padding&#8220; column_padding_tablet=&#8220;inherit&#8220; column_padding_phone=&#8220;inherit&#8220; column_padding_position=&#8220;all&#8220; column_element_spacing=&#8220;default&#8220; background_color_opacity=&#8220;1&#8243; background_hover_color_opacity=&#8220;1&#8243; column_shadow=&#8220;none&#8220; column_border_radius=&#8220;none&#8220; column_link_target=&#8220;_self&#8220; gradient_direction=&#8220;left_to_right&#8220; overlay_strength=&#8220;0.3&#8243; width=&#8220;1\/1&#8243; tablet_width_inherit=&#8220;default&#8220; tablet_text_alignment=&#8220;default&#8220; phone_text_alignment=&#8220;default&#8220; bg_image_animation=&#8220;none&#8220; border_type=&#8220;simple&#8220; column_border_width=&#8220;none&#8220; column_border_style=&#8220;solid&#8220;][vc_column_text]\n<h1 style=\"text-align: center;\">Granty E\u00da<\/h1>\n[\/vc_column_text][\/vc_column][\/vc_row][vc_row type=&#8220;in_container&#8220; full_screen_row_position=&#8220;middle&#8220; column_margin=&#8220;default&#8220; column_direction=&#8220;default&#8220; column_direction_tablet=&#8220;default&#8220; column_direction_phone=&#8220;default&#8220; scene_position=&#8220;center&#8220; text_color=&#8220;dark&#8220; text_align=&#8220;left&#8220; row_border_radius=&#8220;none&#8220; row_border_radius_applies=&#8220;bg&#8220; overlay_strength=&#8220;0.3&#8243; gradient_direction=&#8220;left_to_right&#8220; shape_divider_position=&#8220;bottom&#8220; bg_image_animation=&#8220;none&#8220;][vc_column column_padding=&#8220;no-extra-padding&#8220; column_padding_tablet=&#8220;inherit&#8220; column_padding_phone=&#8220;inherit&#8220; column_padding_position=&#8220;all&#8220; top_margin=&#8220;50&#8243; column_element_spacing=&#8220;default&#8220; background_color_opacity=&#8220;1&#8243; background_hover_color_opacity=&#8220;1&#8243; column_shadow=&#8220;none&#8220; column_border_radius=&#8220;none&#8220; column_link_target=&#8220;_self&#8220; gradient_direction=&#8220;left_to_right&#8220; overlay_strength=&#8220;0.3&#8243; width=&#8220;1\/1&#8243; tablet_width_inherit=&#8220;default&#8220; tablet_text_alignment=&#8220;default&#8220; phone_text_alignment=&#8220;default&#8220; bg_image_animation=&#8220;none&#8220; border_type=&#8220;simple&#8220; column_border_width=&#8220;none&#8220; column_border_style=&#8220;solid&#8220;][vc_column_text]\n<h2 style=\"text-align: center;\">V\u00fdstavba zariadenia na v\u00fdrobu elektriny<br \/>\nzo slne\u010dnej energie Kro\u0161l\u00e1k, s.r.o.<\/h2>\n[\/vc_column_text][\/vc_column][\/vc_row][vc_row type=&#8220;in_container&#8220; full_screen_row_position=&#8220;middle&#8220; column_margin=&#8220;default&#8220; column_direction=&#8220;default&#8220; column_direction_tablet=&#8220;default&#8220; column_direction_phone=&#8220;default&#8220; scene_position=&#8220;center&#8220; top_padding=&#8220;3%&#8220; text_color=&#8220;dark&#8220; text_align=&#8220;left&#8220; row_border_radius=&#8220;none&#8220; row_border_radius_applies=&#8220;bg&#8220; overlay_strength=&#8220;0.3&#8243; gradient_direction=&#8220;left_to_right&#8220; shape_divider_position=&#8220;bottom&#8220; bg_image_animation=&#8220;none&#8220; shape_type=&#8220;&#8220;][vc_column column_padding=&#8220;no-extra-padding&#8220; column_padding_tablet=&#8220;inherit&#8220; column_padding_phone=&#8220;inherit&#8220; column_padding_position=&#8220;all&#8220; column_element_spacing=&#8220;default&#8220; background_color_opacity=&#8220;1&#8243; background_hover_color_opacity=&#8220;1&#8243; column_shadow=&#8220;none&#8220; column_border_radius=&#8220;none&#8220; column_link_target=&#8220;_self&#8220; gradient_direction=&#8220;left_to_right&#8220; overlay_strength=&#8220;0.3&#8243; width=&#8220;1\/2&#8243; tablet_width_inherit=&#8220;default&#8220; tablet_text_alignment=&#8220;default&#8220; phone_text_alignment=&#8220;default&#8220; bg_image_animation=&#8220;none&#8220; border_type=&#8220;simple&#8220; column_border_width=&#8220;none&#8220; column_border_style=&#8220;solid&#8220;][vc_column_text]Projekt \u201eV\u00fdstavba zariadenia na v\u00fdrobu elektriny zo slne\u010dnej energie Kro\u0161l\u00e1k, s.r.o.\u201c je spolufinancovan\u00fd Eur\u00f3pskou \u00faniou.<\/p>\n<p>Prij\u00edmate\u013e: Kro\u0161l\u00e1k, s.r.o.<\/p>\n<p>Miesto realiz\u00e1cie: Nitrianska Blatnica 5, 95605<\/p>\n<p>Stru\u010dn\u00fd opis projektu: V\u00fdstavba sol\u00e1rnej elektr\u00e1rne zameranej na pokrytie \u010dasti energetickej spotreby v\u00fdrobnej spolo\u010dnosti s cie\u013eom zn\u00ed\u017eenia jej prev\u00e1dzkov\u00fdch n\u00e1kladov. Projekt je realizovan\u00fd na z\u00e1klade v\u00fdzvy OPKZP-PO4-SC411-2022-79 zameranej na v\u00fdstavbu zariaden\u00ed na vyu\u017eitie slne\u010dnej energie na v\u00fdrobu elektriny.<\/p>\n<p><strong>Cena \u00faspe\u0161n\u00e9ho uch\u00e1dza\u010da: 237 878,70 EUR bez DPH<\/strong><\/p>\n<p>Inform\u00e1cie o Opera\u010dnom programe Kvalita \u017eivotn\u00e9ho prostredia n\u00e1jdete na <a href=\"https:\/\/www.op-kzp.sk\/\">www.op-kzp.sk<\/a>[\/vc_column_text][\/vc_column][vc_column column_padding=&#8220;no-extra-padding&#8220; column_padding_tablet=&#8220;inherit&#8220; column_padding_phone=&#8220;inherit&#8220; column_padding_position=&#8220;all&#8220; column_element_spacing=&#8220;default&#8220; background_color_opacity=&#8220;1&#8243; background_hover_color_opacity=&#8220;1&#8243; column_shadow=&#8220;none&#8220; column_border_radius=&#8220;none&#8220; column_link_target=&#8220;_self&#8220; gradient_direction=&#8220;left_to_right&#8220; overlay_strength=&#8220;0.3&#8243; width=&#8220;1\/2&#8243; tablet_width_inherit=&#8220;default&#8220; tablet_text_alignment=&#8220;default&#8220; phone_text_alignment=&#8220;default&#8220; bg_image_animation=&#8220;none&#8220; border_type=&#8220;simple&#8220; column_border_width=&#8220;none&#8220; column_border_style=&#8220;solid&#8220;][vc_column_text]<a href=\"https:\/\/kroslak.sk\/wp-content\/uploads\/2023\/04\/Zaznam-z-prieskumu-trhu-FTV_Kroslak.pdf\">Z\u00e1znam z prieskumu trhu &#8211; FTV_Kroslak<\/a>[\/vc_column_text][\/vc_column][\/vc_row][vc_row type=&#8220;in_container&#8220; full_screen_row_position=&#8220;middle&#8220; column_margin=&#8220;default&#8220; column_direction=&#8220;default&#8220; column_direction_tablet=&#8220;default&#8220; column_direction_phone=&#8220;default&#8220; scene_position=&#8220;center&#8220; text_color=&#8220;dark&#8220; text_align=&#8220;left&#8220; row_border_radius=&#8220;none&#8220; row_border_radius_applies=&#8220;bg&#8220; overlay_strength=&#8220;0.3&#8243; gradient_direction=&#8220;left_to_right&#8220; shape_divider_position=&#8220;bottom&#8220; bg_image_animation=&#8220;none&#8220;][vc_column column_padding=&#8220;no-extra-padding&#8220; column_padding_tablet=&#8220;inherit&#8220; column_padding_phone=&#8220;inherit&#8220; column_padding_position=&#8220;all&#8220; top_margin=&#8220;50&#8243; column_element_spacing=&#8220;default&#8220; background_color_opacity=&#8220;1&#8243; background_hover_color_opacity=&#8220;1&#8243; column_shadow=&#8220;none&#8220; column_border_radius=&#8220;none&#8220; column_link_target=&#8220;_self&#8220; gradient_direction=&#8220;left_to_right&#8220; overlay_strength=&#8220;0.3&#8243; width=&#8220;1\/1&#8243; tablet_width_inherit=&#8220;default&#8220; tablet_text_alignment=&#8220;default&#8220; phone_text_alignment=&#8220;default&#8220; bg_image_animation=&#8220;none&#8220; border_type=&#8220;simple&#8220; column_border_width=&#8220;none&#8220; column_border_style=&#8220;solid&#8220;][vc_column_text]\n<h2 style=\"text-align: center;\">Inteligentn\u00e9 inov\u00e1cie<br \/>\nv spolo\u010dnosti Kro\u0161l\u00e1k, s.r.o.<\/h2>\n[\/vc_column_text][\/vc_column][\/vc_row][vc_row type=&#8220;in_container&#8220; full_screen_row_position=&#8220;middle&#8220; column_margin=&#8220;default&#8220; column_direction=&#8220;default&#8220; column_direction_tablet=&#8220;default&#8220; column_direction_phone=&#8220;default&#8220; scene_position=&#8220;center&#8220; top_padding=&#8220;3%&#8220; text_color=&#8220;dark&#8220; text_align=&#8220;left&#8220; row_border_radius=&#8220;none&#8220; row_border_radius_applies=&#8220;bg&#8220; overlay_strength=&#8220;0.3&#8243; gradient_direction=&#8220;left_to_right&#8220; shape_divider_position=&#8220;bottom&#8220; bg_image_animation=&#8220;none&#8220; shape_type=&#8220;&#8220;][vc_column column_padding=&#8220;no-extra-padding&#8220; column_padding_tablet=&#8220;inherit&#8220; column_padding_phone=&#8220;inherit&#8220; column_padding_position=&#8220;all&#8220; column_element_spacing=&#8220;default&#8220; background_color_opacity=&#8220;1&#8243; background_hover_color_opacity=&#8220;1&#8243; column_shadow=&#8220;none&#8220; column_border_radius=&#8220;none&#8220; column_link_target=&#8220;_self&#8220; gradient_direction=&#8220;left_to_right&#8220; overlay_strength=&#8220;0.3&#8243; width=&#8220;1\/2&#8243; tablet_width_inherit=&#8220;default&#8220; tablet_text_alignment=&#8220;default&#8220; phone_text_alignment=&#8220;default&#8220; bg_image_animation=&#8220;none&#8220; border_type=&#8220;simple&#8220; column_border_width=&#8220;none&#8220; column_border_style=&#8220;solid&#8220;][vc_column_text]Projekt \u201eInteligentn\u00e9 inov\u00e1cie v spolo\u010dnosti Kro\u0161l\u00e1k, s.r.o.\u201c je spolufinancovan\u00fd Eur\u00f3pskou \u00faniou.<\/p>\n<p>Prij\u00edmate\u013e: Kro\u0161l\u00e1k, s.r.o.<\/p>\n<p>Miesto realiz\u00e1cie: Nitrianska Blatnica 5, 95605<\/p>\n<p>Stru\u010dn\u00fd opis projektu: In\u0161tal\u00e1cia Digit\u00e1lnej porezovej linky s pr\u00edslu\u0161enstvom za \u00fa\u010delom dosiahnutia inov\u00e1cie v\u00fdrobn\u00e9ho procesu v\u00fdroby sedac\u00edch s\u00faprav. \u010ciastkov\u00e9 ciele: optimaliz\u00e1cia v\u00fdrobn\u00e9ho procesu, zv\u00fd\u0161enie efektivity v\u00fdrobn\u00e9ho procesu, odstr\u00e1nenie identifikovan\u00fdch nedostatkov v r\u00e1mci v\u00fdrobn\u00e9ho procesu, zapracovanie prvkov inteligentn\u00fdch rie\u0161en\u00ed Priemyslu 4.0, digitaliz\u00e1cia s cie\u013eom zabezpe\u010di\u0165 komunik\u00e1ciu medzi jednotliv\u00fdmi procesmi v\u00fdrobn\u00e9ho programu, automatiz\u00e1cia s cie\u013eom nahradi\u0165 rutinne opakuj\u00facu sa \u013eudsk\u00fa pr\u00e1cu.<\/p>\n<p><strong>V\u00fd\u0161ka zazmluvnen\u00e9ho nen\u00e1vratn\u00e9ho finan\u010dn\u00e9ho pr\u00edspevku: 107\u00a0573,90 EUR<\/strong><\/p>\n<p>Inform\u00e1cie o Opera\u010dnom programe Integrovan\u00e1 infra\u0161trukt\u00fara 2014 \u2013 2020 n\u00e1jdete na <a href=\"https:\/\/www.opii.gov.sk\/\">www.opii.gov.sk<\/a>[\/vc_column_text][\/vc_column][vc_column column_padding=&#8220;no-extra-padding&#8220; column_padding_tablet=&#8220;inherit&#8220; column_padding_phone=&#8220;inherit&#8220; column_padding_position=&#8220;all&#8220; column_element_spacing=&#8220;default&#8220; background_color_opacity=&#8220;1&#8243; background_hover_color_opacity=&#8220;1&#8243; column_shadow=&#8220;none&#8220; column_border_radius=&#8220;none&#8220; column_link_target=&#8220;_self&#8220; gradient_direction=&#8220;left_to_right&#8220; overlay_strength=&#8220;0.3&#8243; width=&#8220;1\/2&#8243; tablet_width_inherit=&#8220;default&#8220; tablet_text_alignment=&#8220;default&#8220; phone_text_alignment=&#8220;default&#8220; bg_image_animation=&#8220;none&#8220; border_type=&#8220;simple&#8220; column_border_width=&#8220;none&#8220; column_border_style=&#8220;solid&#8220;][vc_row_inner column_margin=&#8220;default&#8220; column_direction=&#8220;default&#8220; column_direction_tablet=&#8220;default&#8220; column_direction_phone=&#8220;default&#8220; text_align=&#8220;left&#8220;][vc_column_inner column_padding=&#8220;no-extra-padding&#8220; column_padding_tablet=&#8220;inherit&#8220; column_padding_phone=&#8220;inherit&#8220; column_padding_position=&#8220;all&#8220; column_element_spacing=&#8220;default&#8220; background_color_opacity=&#8220;1&#8243; background_hover_color_opacity=&#8220;1&#8243; column_shadow=&#8220;none&#8220; column_border_radius=&#8220;none&#8220; column_link_target=&#8220;_self&#8220; gradient_direction=&#8220;left_to_right&#8220; overlay_strength=&#8220;0.3&#8243; width=&#8220;1\/2&#8243; tablet_width_inherit=&#8220;default&#8220; bg_image_animation=&#8220;none&#8220; border_type=&#8220;simple&#8220; column_border_width=&#8220;none&#8220; column_border_style=&#8220;solid&#8220;][image_with_animation image_url=&#8220;3399&#8243; animation=&#8220;Fade In&#8220; hover_animation=&#8220;none&#8220; alignment=&#8220;&#8220; border_radius=&#8220;none&#8220; box_shadow=&#8220;none&#8220; image_loading=&#8220;default&#8220; max_width=&#8220;100%&#8220; max_width_mobile=&#8220;default&#8220;][\/vc_column_inner][vc_column_inner column_padding=&#8220;no-extra-padding&#8220; column_padding_tablet=&#8220;inherit&#8220; column_padding_phone=&#8220;inherit&#8220; column_padding_position=&#8220;all&#8220; column_element_spacing=&#8220;default&#8220; background_color_opacity=&#8220;1&#8243; background_hover_color_opacity=&#8220;1&#8243; column_shadow=&#8220;none&#8220; column_border_radius=&#8220;none&#8220; column_link_target=&#8220;_self&#8220; gradient_direction=&#8220;left_to_right&#8220; overlay_strength=&#8220;0.3&#8243; width=&#8220;1\/2&#8243; tablet_width_inherit=&#8220;default&#8220; bg_image_animation=&#8220;none&#8220; border_type=&#8220;simple&#8220; column_border_width=&#8220;none&#8220; column_border_style=&#8220;solid&#8220;][image_with_animation image_url=&#8220;3396&#8243; animation=&#8220;Fade In&#8220; hover_animation=&#8220;none&#8220; alignment=&#8220;&#8220; border_radius=&#8220;none&#8220; box_shadow=&#8220;none&#8220; image_loading=&#8220;default&#8220; max_width=&#8220;100%&#8220; max_width_mobile=&#8220;default&#8220;][\/vc_column_inner][\/vc_row_inner][vc_column_text]<a href=\"\/wp-content\/uploads\/2021\/01\/Priloha_c_1_Kryci_list_ponuky.docx\">Priloha_c_1_Kryci_list_ponuky<\/a><br \/>\n<a href=\"\/wp-content\/uploads\/2021\/01\/Priloha_c_2a_Navrh_uchadzaca_na_plnenie_kriterii_cast_1.xlsx\">Priloha_c_2a_Navrh_uchadza\u010da_na_plnenie_kriterii_cast_1<\/a><br \/>\n<a href=\"\/wp-content\/uploads\/2021\/01\/Priloha_c_2b_Navrh_uchadzaca_na_plnenie_kriterii_cast_2.xlsx\">Priloha_c_2b_Navrh_uchadza\u010da_na_plnenie_kriterii_cast_2<\/a><br \/>\n<a href=\"\/wp-content\/uploads\/2021\/01\/Priloha_c_3a_Opis_predmetu_zakazky_cast_1.xlsx\">Priloha_c_3a_Opis_predmetu_zakazky_cast_1<\/a><br \/>\n<a href=\"\/wp-content\/uploads\/2021\/01\/Priloha_c_3b_Opis_predmetu_zakazky_cast_2-1.xlsx\">Priloha_c_3b_Opis_predmetu_zakazky_cast_2<\/a><br \/>\n<a href=\"\/wp-content\/uploads\/2021\/01\/Priloha_c_4_Cestne_vyhlasenie_o_subdodavateloch.docx\">Priloha_c_4_Cestne_vyhlasenie_o_subdodavateloch<\/a><br \/>\n<a href=\"https:\/\/kroslak.sk\/wp-content\/uploads\/2022\/03\/Priloha_c_5_Kupna_zmluva_Navrh.docx\">Priloha_c_5_Kupna_zmluva_N\u00e1vrh<\/a><br \/>\n<a href=\"https:\/\/kroslak.sk\/wp-content\/uploads\/2022\/03\/Vyzva_na_predlozenie_ponuky.pdf\">Vyzva_na_predlozenie_ponuky<\/a><br \/>\n<a href=\"\/wp-content\/uploads\/2021\/01\/Zaznam-z-vyhodnotenia-ponuk.pdf\">Z\u00e1znam z vyhodnotenia pon\u00fak<\/a>[\/vc_column_text][\/vc_column][\/vc_row][vc_row type=&#8220;in_container&#8220; full_screen_row_position=&#8220;middle&#8220; column_margin=&#8220;default&#8220; column_direction=&#8220;default&#8220; column_direction_tablet=&#8220;default&#8220; column_direction_phone=&#8220;default&#8220; scene_position=&#8220;center&#8220; text_color=&#8220;dark&#8220; text_align=&#8220;left&#8220; row_border_radius=&#8220;none&#8220; row_border_radius_applies=&#8220;bg&#8220; overlay_strength=&#8220;0.3&#8243; gradient_direction=&#8220;left_to_right&#8220; shape_divider_position=&#8220;bottom&#8220; bg_image_animation=&#8220;none&#8220;][vc_column column_padding=&#8220;no-extra-padding&#8220; column_padding_tablet=&#8220;inherit&#8220; column_padding_phone=&#8220;inherit&#8220; column_padding_position=&#8220;all&#8220; column_element_spacing=&#8220;default&#8220; background_color_opacity=&#8220;1&#8243; background_hover_color_opacity=&#8220;1&#8243; column_shadow=&#8220;none&#8220; column_border_radius=&#8220;none&#8220; column_link_target=&#8220;_self&#8220; gradient_direction=&#8220;left_to_right&#8220; overlay_strength=&#8220;0.3&#8243; width=&#8220;1\/1&#8243; tablet_width_inherit=&#8220;default&#8220; tablet_text_alignment=&#8220;default&#8220; phone_text_alignment=&#8220;default&#8220; bg_image_animation=&#8220;none&#8220; border_type=&#8220;simple&#8220; column_border_width=&#8220;none&#8220; column_border_style=&#8220;solid&#8220;][divider line_type=&#8220;No Line&#8220; custom_height=&#8220;100&#8243;][\/vc_column][\/vc_row]\n","protected":false},"excerpt":{"rendered":"<p>[vc_row type=&#8220;in_container&#8220; full_screen_row_position=&#8220;middle&#8220; column_margin=&#8220;default&#8220; column_direction=&#8220;default&#8220; column_direction_tablet=&#8220;default&#8220; column_direction_phone=&#8220;default&#8220; scene_position=&#8220;center&#8220; text_color=&#8220;dark&#8220; text_align=&#8220;left&#8220; row_border_radius=&#8220;none&#8220; row_border_radius_applies=&#8220;bg&#8220; overlay_strength=&#8220;0.3&#8243; gradient_direction=&#8220;left_to_right&#8220; shape_divider_position=&#8220;bottom&#8220;&#8230;<\/p>\n","protected":false},"author":1,"featured_media":0,"parent":0,"menu_order":0,"comment_status":"closed","ping_status":"closed","template":"","meta":{"inline_featured_image":false,"footnotes":""},"class_list":["post-935","page","type-page","status-publish"],"_links":{"self":[{"href":"https:\/\/kroslak.sk\/de\/wp-json\/wp\/v2\/pages\/935","targetHints":{"allow":["GET"]}}],"collection":[{"href":"https:\/\/kroslak.sk\/de\/wp-json\/wp\/v2\/pages"}],"about":[{"href":"https:\/\/kroslak.sk\/de\/wp-json\/wp\/v2\/types\/page"}],"author":[{"embeddable":true,"href":"https:\/\/kroslak.sk\/de\/wp-json\/wp\/v2\/users\/1"}],"replies":[{"embeddable":true,"href":"https:\/\/kroslak.sk\/de\/wp-json\/wp\/v2\/comments?post=935"}],"version-history":[{"count":6,"href":"https:\/\/kroslak.sk\/de\/wp-json\/wp\/v2\/pages\/935\/revisions"}],"predecessor-version":[{"id":10651,"href":"https:\/\/kroslak.sk\/de\/wp-json\/wp\/v2\/pages\/935\/revisions\/10651"}],"wp:attachment":[{"href":"https:\/\/kroslak.sk\/de\/wp-json\/wp\/v2\/media?parent=935"}],"curies":[{"name":"wp","href":"https:\/\/api.w.org\/{rel}","templated":true}]}}