{"id":8833,"date":"2023-01-15T16:35:22","date_gmt":"2023-01-15T15:35:22","guid":{"rendered":"https:\/\/kroslak.sk\/?page_id=8833"},"modified":"2023-01-15T16:35:22","modified_gmt":"2023-01-15T15:35:22","slug":"gdpr","status":"publish","type":"page","link":"https:\/\/kroslak.sk\/en\/gdpr\/","title":{"rendered":"GDPR"},"content":{"rendered":"[vc_row type=&#8221;in_container&#8221; full_screen_row_position=&#8221;middle&#8221; column_margin=&#8221;default&#8221; column_direction=&#8221;default&#8221; column_direction_tablet=&#8221;default&#8221; column_direction_phone=&#8221;default&#8221; scene_position=&#8221;center&#8221; text_color=&#8221;dark&#8221; text_align=&#8221;left&#8221; row_border_radius=&#8221;none&#8221; row_border_radius_applies=&#8221;bg&#8221; overlay_strength=&#8221;0.3&#8243; gradient_direction=&#8221;left_to_right&#8221; shape_divider_position=&#8221;bottom&#8221; bg_image_animation=&#8221;none&#8221;][vc_column column_padding=&#8221;no-extra-padding&#8221; column_padding_tablet=&#8221;inherit&#8221; column_padding_phone=&#8221;inherit&#8221; column_padding_position=&#8221;left&#8221; column_element_spacing=&#8221;default&#8221; background_color_opacity=&#8221;1&#8243; background_hover_color_opacity=&#8221;1&#8243; column_shadow=&#8221;none&#8221; column_border_radius=&#8221;none&#8221; column_link_target=&#8221;_self&#8221; max_width_desktop=&#8221;600&#8243; gradient_direction=&#8221;left_to_right&#8221; overlay_strength=&#8221;0.3&#8243; width=&#8221;1\/1&#8243; tablet_width_inherit=&#8221;default&#8221; tablet_text_alignment=&#8221;default&#8221; phone_text_alignment=&#8221;default&#8221; bg_image_animation=&#8221;none&#8221; border_type=&#8221;simple&#8221; column_border_width=&#8221;none&#8221; column_border_style=&#8221;solid&#8221;][vc_column_text]\r\n<div id=\"fws_63beb34eb273e\" class=\"wpb_row vc_row-fluid vc_row top-level \" data-column-margin=\"default\" data-midnight=\"dark\">\r\n<div class=\"row_col_wrap_12 col span_12 dark left\">\r\n<div class=\"vc_col-sm-12 wpb_column column_container vc_column_container col no-extra-padding inherit_tablet inherit_phone \" data-padding-pos=\"all\" data-has-bg-color=\"false\" data-bg-color=\"\" data-bg-opacity=\"1\" data-animation=\"\" data-delay=\"0\">\r\n<div class=\"vc_column-inner\">\r\n<div class=\"wpb_wrapper\">\r\n<div class=\"nectar-highlighted-text\" data-style=\"full_text\" data-exp=\"default\" data-user-color=\"true\" data-using-custom-color=\"true\" data-animation-delay=\"false\" data-color=\"#009032\" data-color-gradient=\"\">\r\n<div id=\"fws_63beb34fbe321\" class=\"wpb_row vc_row-fluid vc_row top-level \" data-column-margin=\"default\" data-midnight=\"dark\">\r\n<div class=\"row_col_wrap_12 col span_12 dark left\">\r\n<div class=\"vc_col-sm-12 wpb_column column_container vc_column_container col no-extra-padding inherit_tablet inherit_phone \" data-padding-pos=\"all\" data-has-bg-color=\"false\" data-bg-color=\"\" data-bg-opacity=\"1\" data-animation=\"\" data-delay=\"0\">\r\n<div class=\"vc_column-inner\">\r\n<div class=\"wpb_wrapper\">\r\n<div class=\"nectar-highlighted-text\" data-style=\"full_text\" data-exp=\"default\" data-user-color=\"true\" data-using-custom-color=\"true\" data-animation-delay=\"false\" data-color=\"#009032\" data-color-gradient=\"\">\r\n<h2 class=\"wp-block-heading\">Personal data protection policy<\/h2>\r\n<\/div>\r\n<\/div>\r\n<\/div>\r\n<\/div>\r\n<\/div>\r\n<\/div>\r\n<div id=\"fws_63beb34fbe72d\" class=\"wpb_row vc_row-fluid vc_row \" data-column-margin=\"default\" data-midnight=\"dark\">\r\n<div class=\"row-bg-wrap\" data-bg-animation=\"none\" data-bg-overlay=\"false\">\r\n<div class=\"inner-wrap\">\r\n<div class=\"row-bg\"><\/div>\r\n<\/div>\r\n<\/div>\r\n<div class=\"row_col_wrap_12 col span_12 dark left\">\r\n<div class=\"vc_col-sm-12 wpb_column column_container vc_column_container col no-extra-padding inherit_tablet inherit_phone \" data-padding-pos=\"all\" data-has-bg-color=\"false\" data-bg-color=\"\" data-bg-opacity=\"1\" data-animation=\"\" data-delay=\"0\">\r\n<div class=\"vc_column-inner\">\r\n<div class=\"wpb_wrapper\">\r\n<div class=\"wpb_text_column wpb_content_element \">\r\n<div class=\"wpb_wrapper\">\r\n<h3>IDENTIFICATION DATA<\/h3>\r\nThe administrator of personal data is the company Kro\u0161l\u00e1k s.r.o., registered office Nitrianska Blatnica 5, 95605 Nitrianska Blatnica, ID: 31435939, Registered in the Commercial Register of the District Court of Nitra, Insert number 499\/N. Contact details of the seller: email: obchod@kroslak.sk, telephone contacts are listed on the website www.kroslak.sk\/kontakt\r\n<h3>PERSONAL DATA PROCESSING<\/h3>\r\nPersonal data is processed for the purposes of registration, purchase through the online store and for the exercise of rights and obligations arising between you and Kro\u0161l\u00e1k s.r.o.. The following personal data of the customer are concerned: name, surname, telephone number, e-mail address, customer address, delivery address, IP address of the customer.\r\n\r\nThe legal reason for the processing of personal data is the consent hereby given to the administrator in terms of:\r\n\r\n&#8211; fulfillment of the contract, Article 6, paragraph 1 letter b) GDPR and fulfillment of rights and obligations of the administrator according to Article 6 para. 1 letter c) GDPR,\r\n\r\n\u2013 article 6 paragraph 1 letter a) Regulation of the European Parliament and Council (EU) 2016\/679 on the protection of natural persons in connection with the processing of personal data and the free movement of such data (hereinafter &#8220;GDPR&#8221;) for the purposes of direct marketing, unless there has been an order for goods,\r\n\r\n&#8211; legitimate interest of the administrator to carry out direct marketing according to Art. 6 par. 1 letter f) GDPR\r\n\r\nThe processing of personal data is necessary for the fulfillment of the contract for the purchase of goods and for the purpose of fulfilling the legal obligation of Kro\u0161l\u00e1k s.r.o.\r\n\r\nThere is no automatic individual decision-making on the part of the administrator in accordance with Art. 22 GDPR.\r\n<h3>STORAGE PERIOD OF PERSONAL DATA<\/h3>\r\nPersonal data are processed for the period necessary to exercise the rights and obligations arising from the contractual relationship (for a maximum period of 3 years from the termination of the contractual relationship) or until the withdrawal of consent to the processing of personal data in written form addressed to the seller, by mail, by telephone or electronically at e-mail obchod@kroslak.sk\r\n<h3>RECIPIENTS OF PERSONAL DATA<\/h3>\r\nThe recipients of personal data are the following persons:\r\n\r\n\u2013 a courier or transport company that ensures the delivery of goods to the customer, as another intermediary\r\n\u2013 the company INTERAUDIT Topo\u013e\u010dany, s.r.o., registered office in N\u00e1m. \u013d. \u0160t\u00fara 18 955 01 Topo\u013e\u010dany, ID: 31417019, as an intermediary for bookkeeping\r\n<h3>RIGHTS OF THE DATA SUBJECT<\/h3>\r\nUnder the conditions set out in the GDPR, you have the right to:\r\n\r\n\u2013 to access personal data\r\n\u2013 to correct personal data\r\n\u2013 to limit the processing of personal data\r\n\u2013 to delete personal data\r\n\u2013 on the portability of personal data\r\n&#8211; object to the processing of personal data\r\n\r\nIf you believe that your right to the protection of personal data has been violated, you have the right to file a complaint with the supervisory authority.\r\n<h3>SECURITY OF PERSONAL DATA<\/h3>\r\nThe administrator undertakes to take appropriate technical and organizational measures to secure personal data in order to prevent unauthorized access to this data or its loss. The administrator declares that only authorized persons obliged to maintain confidentiality of personal data will have access to personal data. The administrator has taken technical measures to secure data storage and personal data recorded in paper form.\r\n<h3>FINAL PROVISIONS<\/h3>\r\nBy submitting an order from the online store, you confirm that you have familiarized yourself with the terms of personal data protection and that you fully agree with them. The administrator reserves the right to change these conditions. The current version of the conditions is published on the administrator&#8217;s website.\r\n\r\n&nbsp;\r\n\r\n<\/div>\r\n<\/div>\r\n<\/div>\r\n<\/div>\r\n<\/div>\r\n<\/div>\r\n<\/div>\r\n<\/div>\r\n<\/div>\r\n<\/div>\r\n<\/div>\r\n<\/div>\r\n<\/div>\r\n<div id=\"fws_63beb34eb2af4\" class=\"wpb_row vc_row-fluid vc_row \" data-column-margin=\"default\" data-midnight=\"dark\">\r\n<div class=\"row_col_wrap_12 col span_12 dark left\">\r\n<div class=\"vc_col-sm-12 wpb_column column_container vc_column_container col no-extra-padding inherit_tablet inherit_phone \" data-padding-pos=\"all\" data-has-bg-color=\"false\" data-bg-color=\"\" data-bg-opacity=\"1\" data-animation=\"\" data-delay=\"0\">\r\n<div class=\"vc_column-inner\">\r\n<div class=\"wpb_wrapper\">\r\n<div class=\"wpb_text_column wpb_content_element \">\r\n<div class=\"wpb_wrapper\">\r\n\r\nLast update date 1\/15\/2023.\r\n\r\n<\/div>\r\n<a href=\"https:\/\/kroslak.sk\/en\/\"><strong>&lt;&lt; back to the main page<\/strong><\/a>\r\n\r\n<\/div>\r\n<\/div>\r\n<\/div>\r\n<\/div>\r\n<\/div>\r\n<\/div>\r\n[\/vc_column_text][\/vc_column][\/vc_row]","protected":false},"excerpt":{"rendered":"<p>[vc_row type=&#8221;in_container&#8221; full_screen_row_position=&#8221;middle&#8221; column_margin=&#8221;default&#8221; column_direction=&#8221;default&#8221; column_direction_tablet=&#8221;default&#8221; column_direction_phone=&#8221;default&#8221; scene_position=&#8221;center&#8221; text_color=&#8221;dark&#8221; text_align=&#8221;left&#8221; row_border_radius=&#8221;none&#8221; row_border_radius_applies=&#8221;bg&#8221; overlay_strength=&#8221;0.3&#8243; gradient_direction=&#8221;left_to_right&#8221; shape_divider_position=&#8221;bottom&#8221;&#8230;<\/p>\n","protected":false},"author":1,"featured_media":0,"parent":0,"menu_order":0,"comment_status":"closed","ping_status":"open","template":"","meta":{"inline_featured_image":false,"footnotes":""},"class_list":["post-8833","page","type-page","status-publish"],"_links":{"self":[{"href":"https:\/\/kroslak.sk\/en\/wp-json\/wp\/v2\/pages\/8833","targetHints":{"allow":["GET"]}}],"collection":[{"href":"https:\/\/kroslak.sk\/en\/wp-json\/wp\/v2\/pages"}],"about":[{"href":"https:\/\/kroslak.sk\/en\/wp-json\/wp\/v2\/types\/page"}],"author":[{"embeddable":true,"href":"https:\/\/kroslak.sk\/en\/wp-json\/wp\/v2\/users\/1"}],"replies":[{"embeddable":true,"href":"https:\/\/kroslak.sk\/en\/wp-json\/wp\/v2\/comments?post=8833"}],"version-history":[{"count":1,"href":"https:\/\/kroslak.sk\/en\/wp-json\/wp\/v2\/pages\/8833\/revisions"}],"predecessor-version":[{"id":8834,"href":"https:\/\/kroslak.sk\/en\/wp-json\/wp\/v2\/pages\/8833\/revisions\/8834"}],"wp:attachment":[{"href":"https:\/\/kroslak.sk\/en\/wp-json\/wp\/v2\/media?parent=8833"}],"curies":[{"name":"wp","href":"https:\/\/api.w.org\/{rel}","templated":true}]}}